{"id":24,"date":"2021-12-09T01:21:16","date_gmt":"2021-12-08T22:21:16","guid":{"rendered":"https:\/\/www.liderkoruk.com.tr\/tr_TR\/?page_id=24"},"modified":"2021-12-23T23:04:25","modified_gmt":"2021-12-23T20:04:25","slug":"bakim-onarim","status":"publish","type":"page","link":"https:\/\/www.liderkoruk.com.tr\/tr_TR\/bakim-onarim","title":{"rendered":"Bak\u0131m &#038; Onar\u0131m"},"content":{"rendered":"\n<figure class=\"wp-block-image size-full\"><img loading=\"lazy\" decoding=\"async\" width=\"1024\" height=\"567\" src=\"https:\/\/www.liderkoruk.com.tr\/tr_TR\/wp-content\/uploads\/bakim-onarim-cover.jpg\" alt=\"\" class=\"wp-image-272\" srcset=\"https:\/\/www.liderkoruk.com.tr\/tr_TR\/wp-content\/uploads\/bakim-onarim-cover.jpg 1024w, https:\/\/www.liderkoruk.com.tr\/tr_TR\/wp-content\/uploads\/bakim-onarim-cover-512x284.jpg 512w, https:\/\/www.liderkoruk.com.tr\/tr_TR\/wp-content\/uploads\/bakim-onarim-cover-768x425.jpg 768w\" sizes=\"auto, (max-width: 1024px) 100vw, 1024px\" \/><\/figure>\n\n\n\n<p>Teleskopik sac muhafazalar, rulo muhafazalar, lazer \u0131\u015f\u0131nyolu k\u00f6r\u00fckleri ve al\u00fcminyum muhafazalar gibi makina koruma sistemlerinde kullan\u0131lan her t\u00fcrl\u00fc muhafazala i\u00e7in Lider K\u00f6r\u00fck Makina Koruma sistemleri olarak bak\u0131m ve onar\u0131m hizmeti sunmaktay\u0131z.<\/p>\n\n\n\n<p>\u00dcr\u00fcnlerin hasarl\u0131 k\u0131s\u0131mlar\u0131 teknik \u00e7al\u0131\u015fanlar\u0131m\u0131z taraf\u0131ndan tespit edilerek m\u00fc\u015fterilerimize daha uygun maliyetli ve daha h\u0131zl\u0131 \u00e7\u00f6z\u00fcmler \u00fcretmekteyiz.<\/p>\n\n\n\n<p>\u00dcr\u00fcnlere uygulanacak ek geli\u015ftirmeler ile koruma \u00f6mr\u00fcn\u00fc uzatarak m\u00fc\u015fterilerimize uzun vadede sorunsuz \u00e7al\u0131\u015fan \u00fcr\u00fcnler temin ediyoruz.<\/p>\n\n\n\n<div class=\"wp-block-safirtema-mainheading mainHeading\"><div class=\"icon safiricon\"><svg class=\"safiricon-lk\"><use href=\"#safiricon-lk\"><\/use><\/svg><\/div><div class=\"text\">Bak\u0131m &amp; Onar\u0131m \u0130\u00e7in Uygulanan Baz\u0131 \u0130\u015flemler<\/div><\/div>\n\n\n\r\n\r\n\t\t\t<div class=\"safir-list\">\r\n\t\t\t<\/p>\n<ul>\n<li>\u00dcr\u00fcndeki hasarl\u0131 par\u00e7alar\u0131n yenilenmesi,<\/li>\n<li>S\u0131y\u0131r\u0131c\u0131 de\u011fi\u015fimi,<\/li>\n<li>Pirin\u00e7, rulman ve plastik aksamlar\u0131n yenilenmesi,<\/li>\n<li>Deforme haldeki kuma\u015flar\u0131n yenilenmesi,<\/li>\n<li>Boyas\u0131 tahrip olmu\u015f \u00fcr\u00fcnlerin yeniden boyanmas\u0131.<\/li>\n<\/ul>\n<p>\r\n\t\t\t<\/div>\r\n\r\n\t\t\n\n\n\n<p>Gibi bir \u00e7ok i\u015flemi siz de\u011ferli m\u00fc\u015fterilerimize sunmaktay\u0131z.<\/p>\n","protected":false},"excerpt":{"rendered":"<p>Teleskopik sac muhafazalar, rulo muhafazalar, lazer \u0131\u015f\u0131nyolu k\u00f6r\u00fckleri ve al\u00fcminyum muhafazalar gibi makina koruma sistemlerinde kullan\u0131lan her t\u00fcrl\u00fc muhafazala i\u00e7in Lider K\u00f6r\u00fck Makina Koruma sistemleri olarak bak\u0131m ve onar\u0131m hizmeti sunmaktay\u0131z. \u00dcr\u00fcnlerin hasarl\u0131 k\u0131s\u0131mlar\u0131 teknik \u00e7al\u0131\u015fanlar\u0131m\u0131z taraf\u0131ndan tespit edilerek m\u00fc\u015fterilerimize daha uygun maliyetli ve daha h\u0131zl\u0131 \u00e7\u00f6z\u00fcmler \u00fcretmekteyiz. \u00dcr\u00fcnlere uygulanacak ek geli\u015ftirmeler ile koruma \u00f6mr\u00fcn\u00fc [&hellip;]<\/p>\n","protected":false},"author":1,"featured_media":272,"parent":0,"menu_order":0,"comment_status":"closed","ping_status":"closed","template":"","meta":{"footnotes":""},"class_list":["post-24","page","type-page","status-publish","has-post-thumbnail","hentry"],"_links":{"self":[{"href":"https:\/\/www.liderkoruk.com.tr\/tr_TR\/wp-json\/wp\/v2\/pages\/24","targetHints":{"allow":["GET"]}}],"collection":[{"href":"https:\/\/www.liderkoruk.com.tr\/tr_TR\/wp-json\/wp\/v2\/pages"}],"about":[{"href":"https:\/\/www.liderkoruk.com.tr\/tr_TR\/wp-json\/wp\/v2\/types\/page"}],"author":[{"embeddable":true,"href":"https:\/\/www.liderkoruk.com.tr\/tr_TR\/wp-json\/wp\/v2\/users\/1"}],"replies":[{"embeddable":true,"href":"https:\/\/www.liderkoruk.com.tr\/tr_TR\/wp-json\/wp\/v2\/comments?post=24"}],"version-history":[{"count":4,"href":"https:\/\/www.liderkoruk.com.tr\/tr_TR\/wp-json\/wp\/v2\/pages\/24\/revisions"}],"predecessor-version":[{"id":348,"href":"https:\/\/www.liderkoruk.com.tr\/tr_TR\/wp-json\/wp\/v2\/pages\/24\/revisions\/348"}],"wp:featuredmedia":[{"embeddable":true,"href":"https:\/\/www.liderkoruk.com.tr\/tr_TR\/wp-json\/wp\/v2\/media\/272"}],"wp:attachment":[{"href":"https:\/\/www.liderkoruk.com.tr\/tr_TR\/wp-json\/wp\/v2\/media?parent=24"}],"curies":[{"name":"wp","href":"https:\/\/api.w.org\/{rel}","templated":true}]}}