{"id":22,"date":"2021-12-09T01:20:45","date_gmt":"2021-12-08T22:20:45","guid":{"rendered":"https:\/\/www.liderkoruk.com.tr\/tr_TR\/?page_id=22"},"modified":"2022-01-07T13:18:09","modified_gmt":"2022-01-07T10:18:09","slug":"hakkimizda","status":"publish","type":"page","link":"https:\/\/www.liderkoruk.com.tr\/tr_TR\/kurumsal\/hakkimizda","title":{"rendered":"Hakk\u0131m\u0131zda"},"content":{"rendered":"\n<p>L\u0130DER K\u00d6R\u00dcK, deneyimli kadrosu ile y\u0131llar\u0131n vermi\u015f oldu\u011fu bilgi ve tecr\u00fcbeye dayanarak makine koruma sistemleri sekt\u00f6r\u00fcnde hizmet g\u00f6stermeyi hedef edinmi\u015ftir.<\/p>\n\n\n\n<p>Teknik kadromuz makine imalat sekt\u00f6r\u00fc ve CNC makine kullan\u0131c\u0131lar\u0131n\u0131, korunmas\u0131 gereken hareketli sistemlerin ortam \u015fartlar\u0131na uygun do\u011fru ve uzun \u00f6m\u00fcrl\u00fc \u00fcr\u00fcnler ile korumaya \u00f6zen g\u00f6stermektedir.<\/p>\n\n\n\n<p>\u00dclkemizde h\u0131zla geli\u015fen sanayi sekt\u00f6r\u00fcn\u00fcn, makine koruma sistemleri taleplerine kar\u015f\u0131n h\u0131zl\u0131 ve do\u011fru \u00fcr\u00fcnler \u00fcretmekteyiz.<\/p>\n\n\n\n<div class=\"wp-block-columns is-layout-flex wp-container-core-columns-is-layout-9d6595d7 wp-block-columns-is-layout-flex\">\n<div class=\"wp-block-column is-layout-flow wp-block-column-is-layout-flow\">\n<div class=\"wp-block-safirtema-bgtext descriptionbox coffee\"><div class=\"inner\"><div class=\"icon safiricon\"><svg class=\"safiricon-vizyon\"><use href=\"#safiricon-vizyon\"><\/use><\/svg><\/div><div class=\"header\">V\u0130ZYONUMUZ<\/div><div class=\"content\">Yurti\u00e7i ve yurtd\u0131\u015f\u0131nda makina sekt\u00f6r\u00fc ad\u0131 alt\u0131nda, gerek yedek par\u00e7a gerekse seri \u00fcretim alanlar\u0131nda makine koruma sistemleri faaliyeti konusunda se\u00e7ilir firma olmak\u2026<\/div><\/div><\/div>\n<\/div>\n\n\n\n<div class=\"wp-block-column is-layout-flow wp-block-column-is-layout-flow\">\n<div class=\"wp-block-safirtema-bgtext descriptionbox coffee\"><div class=\"inner\"><div class=\"icon safiricon\"><svg class=\"safiricon-misyon\"><use href=\"#safiricon-misyon\"><\/use><\/svg><\/div><div class=\"header\">M\u0130SYONUMUZ<\/div><div class=\"content\">M\u00fc\u015fterilerimizin taleplerine uygun kaliteli \u00fcr\u00fcnler \u00fcreterek, s\u00fcreklili\u011fi sa\u011flamak ve geli\u015fen makine sekt\u00f6r\u00fcne hizmet vermeye devam ederek, AR-GE \u00e7al\u0131\u015fmalar\u0131m\u0131z\u0131 geli\u015ftirmek\u2026<\/div><\/div><\/div>\n<\/div>\n<\/div>\n","protected":false},"excerpt":{"rendered":"<p>L\u0130DER K\u00d6R\u00dcK, deneyimli kadrosu ile y\u0131llar\u0131n vermi\u015f oldu\u011fu bilgi ve tecr\u00fcbeye dayanarak makine koruma sistemleri sekt\u00f6r\u00fcnde hizmet g\u00f6stermeyi hedef edinmi\u015ftir. Teknik kadromuz makine imalat sekt\u00f6r\u00fc ve CNC makine kullan\u0131c\u0131lar\u0131n\u0131, korunmas\u0131 gereken hareketli sistemlerin ortam \u015fartlar\u0131na uygun do\u011fru ve uzun \u00f6m\u00fcrl\u00fc \u00fcr\u00fcnler ile korumaya \u00f6zen g\u00f6stermektedir. \u00dclkemizde h\u0131zla geli\u015fen sanayi sekt\u00f6r\u00fcn\u00fcn, makine koruma sistemleri taleplerine kar\u015f\u0131n [&hellip;]<\/p>\n","protected":false},"author":1,"featured_media":0,"parent":82,"menu_order":0,"comment_status":"closed","ping_status":"closed","template":"","meta":{"footnotes":""},"class_list":["post-22","page","type-page","status-publish","hentry"],"_links":{"self":[{"href":"https:\/\/www.liderkoruk.com.tr\/tr_TR\/wp-json\/wp\/v2\/pages\/22","targetHints":{"allow":["GET"]}}],"collection":[{"href":"https:\/\/www.liderkoruk.com.tr\/tr_TR\/wp-json\/wp\/v2\/pages"}],"about":[{"href":"https:\/\/www.liderkoruk.com.tr\/tr_TR\/wp-json\/wp\/v2\/types\/page"}],"author":[{"embeddable":true,"href":"https:\/\/www.liderkoruk.com.tr\/tr_TR\/wp-json\/wp\/v2\/users\/1"}],"replies":[{"embeddable":true,"href":"https:\/\/www.liderkoruk.com.tr\/tr_TR\/wp-json\/wp\/v2\/comments?post=22"}],"version-history":[{"count":21,"href":"https:\/\/www.liderkoruk.com.tr\/tr_TR\/wp-json\/wp\/v2\/pages\/22\/revisions"}],"predecessor-version":[{"id":355,"href":"https:\/\/www.liderkoruk.com.tr\/tr_TR\/wp-json\/wp\/v2\/pages\/22\/revisions\/355"}],"up":[{"embeddable":true,"href":"https:\/\/www.liderkoruk.com.tr\/tr_TR\/wp-json\/wp\/v2\/pages\/82"}],"wp:attachment":[{"href":"https:\/\/www.liderkoruk.com.tr\/tr_TR\/wp-json\/wp\/v2\/media?parent=22"}],"curies":[{"name":"wp","href":"https:\/\/api.w.org\/{rel}","templated":true}]}}